{"id":3863,"date":"2022-05-04T12:47:06","date_gmt":"2022-05-04T12:47:06","guid":{"rendered":"https:\/\/keyfibre.com\/productos-fibra-optica\/producto\/retenedor-acometidas-universal-fibra-optica-tipo-palanca-larga-distancia\/"},"modified":"2024-06-10T09:55:22","modified_gmt":"2024-06-10T09:55:22","slug":"retenedor-acometidas-universal-fibra-optica-tipo-palanca-larga-distancia","status":"publish","type":"product","link":"https:\/\/keyfibre.com\/productos-fibra-optica\/producto\/retenedor-acometidas-universal-fibra-optica-tipo-palanca-larga-distancia\/","title":{"rendered":"RETPAC"},"content":{"rendered":"<p><strong>Construyendo infraestructuras a\u00e9reas confiables<\/strong><\/p>\n<p>La elecci\u00f3n entre anclaje o suspensi\u00f3n depende de la configuraci\u00f3n de red elegida. Se recomienda el anclaje en redes de transporte y distribuci\u00f3n para la fijaci\u00f3n de cables en postes. Sin embargo, la suspensi\u00f3n se utiliza en postes intermedios para evitar que los cables a\u00e9reos cuelguen al azar entre los dos postes de los extremos utilizados para el remate. El anclaje y la suspensi\u00f3n son esenciales para preservar redes de telecomunicaciones confiables. En KeyFibre entendemos perfectamente la importancia de estas dos operaciones y la de respetar rigurosamente las normas de ingenier\u00eda durante los despliegues de redes de telecomunicaciones.<\/p>\n<p>Las\u00a0<strong>soluciones de anclaje y suspensi\u00f3n<\/strong>\u00a0de KeyFibre est\u00e1n hechas para\u00a0<strong>resistir la prueba del tiempo y los elementos<\/strong>. Desde un punto de vista de la ingenier\u00eda, proporcionamos cada soluci\u00f3n de producto teniendo en cuenta meticulosamente el entorno de instalaci\u00f3n. A la hora de dise\u00f1ar o actualizar una soluci\u00f3n de producto, pestamos especial atenci\u00f3n a ciertos criterios como la escalabilidad, con el fin de anticipar la evoluci\u00f3n de las redes de banda ancha ultrarr\u00e1pida y posibilitar futuras conexiones.<\/p>\n<p>Las soluciones que ofrece KeyFibre est\u00e1n completamente inspiradas en los desaf\u00edos y necesidades de campo enumerados por los principales\u00a0<strong>operadores y sus subcontratistas<\/strong>. Todos los productos se desarrollan como soluciones f\u00e1ciles de usar para los t\u00e9cnicos: para\u00a0<strong>instalaciones simples, r\u00e1pidas y sin herramientas<\/strong>. Adem\u00e1s, est\u00e1n dise\u00f1ados para responder a criterios de modularidad con el fin de ofrecer versatilidad y adaptarse a todas las configuraciones de red. Es por eso que nuestros expertos en I+D actualizan constantemente la oferta de suspensi\u00f3n y anclaje para enfrentar los desaf\u00edos del campo con\u00a0<strong>precisi\u00f3n cient\u00edfica.<\/strong><\/p>\n<p>Todos los productos se\u00a0<strong>fabrican en Europa.<\/strong><\/p>\n","protected":false},"excerpt":{"rendered":"<p>Retenedor universal tipo palanca para acometidas de fibra \u00f3ptica de 5mm ideal para instalaciones de larga distancia.<\/p>\n","protected":false},"featured_media":12785,"template":"","meta":{"_acf_changed":false,"_et_pb_use_builder":"","_et_pb_old_content":"","_et_gb_content_width":""},"product_brand":[],"product_cat":[106,113],"product_tag":[483,229,484,464,481,482],"class_list":{"0":"post-3863","1":"product","2":"type-product","3":"status-publish","4":"has-post-thumbnail","6":"product_cat-accesorios-y-herrajes-redes-aereas","7":"product_cat-retenedor-acometidas-fibra-optica","8":"product_tag-acometidas","9":"product_tag-fibra-optica","10":"product_tag-larga-distancia","11":"product_tag-redes-aereas","12":"product_tag-retenedor-universal","13":"product_tag-tipo-palanca","15":"first","16":"instock","17":"shipping-taxable","18":"product-type-simple"},"acf":[],"yoast_head":"<!-- This site is optimized with the Yoast SEO plugin v26.4 - https:\/\/yoast.com\/wordpress\/plugins\/seo\/ -->\n<title>RETPAC Retenedor universal tipo palanca<\/title>\n<meta name=\"robots\" content=\"index, follow, max-snippet:-1, max-image-preview:large, max-video-preview:-1\" \/>\n<link rel=\"canonical\" href=\"https:\/\/keyfibre.com\/productos-fibra-optica\/producto\/retenedor-acometidas-universal-fibra-optica-tipo-palanca-larga-distancia\/\" \/>\n<meta property=\"og:locale\" content=\"es_ES\" \/>\n<meta property=\"og:type\" content=\"article\" \/>\n<meta property=\"og:title\" content=\"RETPAC Retenedor universal tipo palanca\" \/>\n<meta property=\"og:description\" content=\"Retenedor universal tipo palanca para acometidas de fibra \u00f3ptica de 5mm ideal para instalaciones de larga distancia.\" \/>\n<meta property=\"og:url\" content=\"https:\/\/keyfibre.com\/productos-fibra-optica\/producto\/retenedor-acometidas-universal-fibra-optica-tipo-palanca-larga-distancia\/\" \/>\n<meta property=\"og:site_name\" content=\"Keyfibre\" \/>\n<meta property=\"article:modified_time\" content=\"2024-06-10T09:55:22+00:00\" \/>\n<meta property=\"og:image\" content=\"https:\/\/keyfibre.com\/productos-fibra-optica\/wp-content\/uploads\/2022\/05\/F-RETPAC-1-HQ-MA.png\" \/>\n\t<meta property=\"og:image:width\" content=\"751\" \/>\n\t<meta property=\"og:image:height\" content=\"751\" \/>\n\t<meta property=\"og:image:type\" content=\"image\/png\" \/>\n<meta name=\"twitter:card\" content=\"summary_large_image\" \/>\n<meta name=\"twitter:label1\" content=\"Tiempo de lectura\" \/>\n\t<meta name=\"twitter:data1\" content=\"2 minutos\" \/>\n<script type=\"application\/ld+json\" class=\"yoast-schema-graph\">{\"@context\":\"https:\/\/schema.org\",\"@graph\":[{\"@type\":\"WebPage\",\"@id\":\"https:\/\/keyfibre.com\/productos-fibra-optica\/producto\/retenedor-acometidas-universal-fibra-optica-tipo-palanca-larga-distancia\/\",\"url\":\"https:\/\/keyfibre.com\/productos-fibra-optica\/producto\/retenedor-acometidas-universal-fibra-optica-tipo-palanca-larga-distancia\/\",\"name\":\"RETPAC Retenedor universal tipo palanca\",\"isPartOf\":{\"@id\":\"https:\/\/keyfibre.com\/productos-fibra-optica\/#website\"},\"primaryImageOfPage\":{\"@id\":\"https:\/\/keyfibre.com\/productos-fibra-optica\/producto\/retenedor-acometidas-universal-fibra-optica-tipo-palanca-larga-distancia\/#primaryimage\"},\"image\":{\"@id\":\"https:\/\/keyfibre.com\/productos-fibra-optica\/producto\/retenedor-acometidas-universal-fibra-optica-tipo-palanca-larga-distancia\/#primaryimage\"},\"thumbnailUrl\":\"https:\/\/keyfibre.com\/productos-fibra-optica\/wp-content\/uploads\/2022\/05\/F-RETPAC-1-HQ-MA.png\",\"datePublished\":\"2022-05-04T12:47:06+00:00\",\"dateModified\":\"2024-06-10T09:55:22+00:00\",\"breadcrumb\":{\"@id\":\"https:\/\/keyfibre.com\/productos-fibra-optica\/producto\/retenedor-acometidas-universal-fibra-optica-tipo-palanca-larga-distancia\/#breadcrumb\"},\"inLanguage\":\"es\",\"potentialAction\":[{\"@type\":\"ReadAction\",\"target\":[\"https:\/\/keyfibre.com\/productos-fibra-optica\/producto\/retenedor-acometidas-universal-fibra-optica-tipo-palanca-larga-distancia\/\"]}]},{\"@type\":\"ImageObject\",\"inLanguage\":\"es\",\"@id\":\"https:\/\/keyfibre.com\/productos-fibra-optica\/producto\/retenedor-acometidas-universal-fibra-optica-tipo-palanca-larga-distancia\/#primaryimage\",\"url\":\"https:\/\/keyfibre.com\/productos-fibra-optica\/wp-content\/uploads\/2022\/05\/F-RETPAC-1-HQ-MA.png\",\"contentUrl\":\"https:\/\/keyfibre.com\/productos-fibra-optica\/wp-content\/uploads\/2022\/05\/F-RETPAC-1-HQ-MA.png\",\"width\":751,\"height\":751},{\"@type\":\"BreadcrumbList\",\"@id\":\"https:\/\/keyfibre.com\/productos-fibra-optica\/producto\/retenedor-acometidas-universal-fibra-optica-tipo-palanca-larga-distancia\/#breadcrumb\",\"itemListElement\":[{\"@type\":\"ListItem\",\"position\":1,\"name\":\"Portada\",\"item\":\"https:\/\/keyfibre.com\/productos-fibra-optica\/\"},{\"@type\":\"ListItem\",\"position\":2,\"name\":\"Tienda\",\"item\":\"https:\/\/keyfibre.com\/productos-fibra-optica\/tienda\/\"},{\"@type\":\"ListItem\",\"position\":3,\"name\":\"RETPAC\"}]},{\"@type\":\"WebSite\",\"@id\":\"https:\/\/keyfibre.com\/productos-fibra-optica\/#website\",\"url\":\"https:\/\/keyfibre.com\/productos-fibra-optica\/\",\"name\":\"Keyfibre\",\"description\":\"El especialista de pasivo que suma valor a su red de fibra \u00f3ptica\",\"potentialAction\":[{\"@type\":\"SearchAction\",\"target\":{\"@type\":\"EntryPoint\",\"urlTemplate\":\"https:\/\/keyfibre.com\/productos-fibra-optica\/?s={search_term_string}\"},\"query-input\":{\"@type\":\"PropertyValueSpecification\",\"valueRequired\":true,\"valueName\":\"search_term_string\"}}],\"inLanguage\":\"es\"}]}<\/script>\n<!-- \/ Yoast SEO plugin. -->","yoast_head_json":{"title":"RETPAC Retenedor universal tipo palanca","robots":{"index":"index","follow":"follow","max-snippet":"max-snippet:-1","max-image-preview":"max-image-preview:large","max-video-preview":"max-video-preview:-1"},"canonical":"https:\/\/keyfibre.com\/productos-fibra-optica\/producto\/retenedor-acometidas-universal-fibra-optica-tipo-palanca-larga-distancia\/","og_locale":"es_ES","og_type":"article","og_title":"RETPAC Retenedor universal tipo palanca","og_description":"Retenedor universal tipo palanca para acometidas de fibra \u00f3ptica de 5mm ideal para instalaciones de larga distancia.","og_url":"https:\/\/keyfibre.com\/productos-fibra-optica\/producto\/retenedor-acometidas-universal-fibra-optica-tipo-palanca-larga-distancia\/","og_site_name":"Keyfibre","article_modified_time":"2024-06-10T09:55:22+00:00","og_image":[{"width":751,"height":751,"url":"https:\/\/keyfibre.com\/productos-fibra-optica\/wp-content\/uploads\/2022\/05\/F-RETPAC-1-HQ-MA.png","type":"image\/png"}],"twitter_card":"summary_large_image","twitter_misc":{"Tiempo de lectura":"2 minutos"},"schema":{"@context":"https:\/\/schema.org","@graph":[{"@type":"WebPage","@id":"https:\/\/keyfibre.com\/productos-fibra-optica\/producto\/retenedor-acometidas-universal-fibra-optica-tipo-palanca-larga-distancia\/","url":"https:\/\/keyfibre.com\/productos-fibra-optica\/producto\/retenedor-acometidas-universal-fibra-optica-tipo-palanca-larga-distancia\/","name":"RETPAC Retenedor universal tipo palanca","isPartOf":{"@id":"https:\/\/keyfibre.com\/productos-fibra-optica\/#website"},"primaryImageOfPage":{"@id":"https:\/\/keyfibre.com\/productos-fibra-optica\/producto\/retenedor-acometidas-universal-fibra-optica-tipo-palanca-larga-distancia\/#primaryimage"},"image":{"@id":"https:\/\/keyfibre.com\/productos-fibra-optica\/producto\/retenedor-acometidas-universal-fibra-optica-tipo-palanca-larga-distancia\/#primaryimage"},"thumbnailUrl":"https:\/\/keyfibre.com\/productos-fibra-optica\/wp-content\/uploads\/2022\/05\/F-RETPAC-1-HQ-MA.png","datePublished":"2022-05-04T12:47:06+00:00","dateModified":"2024-06-10T09:55:22+00:00","breadcrumb":{"@id":"https:\/\/keyfibre.com\/productos-fibra-optica\/producto\/retenedor-acometidas-universal-fibra-optica-tipo-palanca-larga-distancia\/#breadcrumb"},"inLanguage":"es","potentialAction":[{"@type":"ReadAction","target":["https:\/\/keyfibre.com\/productos-fibra-optica\/producto\/retenedor-acometidas-universal-fibra-optica-tipo-palanca-larga-distancia\/"]}]},{"@type":"ImageObject","inLanguage":"es","@id":"https:\/\/keyfibre.com\/productos-fibra-optica\/producto\/retenedor-acometidas-universal-fibra-optica-tipo-palanca-larga-distancia\/#primaryimage","url":"https:\/\/keyfibre.com\/productos-fibra-optica\/wp-content\/uploads\/2022\/05\/F-RETPAC-1-HQ-MA.png","contentUrl":"https:\/\/keyfibre.com\/productos-fibra-optica\/wp-content\/uploads\/2022\/05\/F-RETPAC-1-HQ-MA.png","width":751,"height":751},{"@type":"BreadcrumbList","@id":"https:\/\/keyfibre.com\/productos-fibra-optica\/producto\/retenedor-acometidas-universal-fibra-optica-tipo-palanca-larga-distancia\/#breadcrumb","itemListElement":[{"@type":"ListItem","position":1,"name":"Portada","item":"https:\/\/keyfibre.com\/productos-fibra-optica\/"},{"@type":"ListItem","position":2,"name":"Tienda","item":"https:\/\/keyfibre.com\/productos-fibra-optica\/tienda\/"},{"@type":"ListItem","position":3,"name":"RETPAC"}]},{"@type":"WebSite","@id":"https:\/\/keyfibre.com\/productos-fibra-optica\/#website","url":"https:\/\/keyfibre.com\/productos-fibra-optica\/","name":"Keyfibre","description":"El especialista de pasivo que suma valor a su red de fibra \u00f3ptica","potentialAction":[{"@type":"SearchAction","target":{"@type":"EntryPoint","urlTemplate":"https:\/\/keyfibre.com\/productos-fibra-optica\/?s={search_term_string}"},"query-input":{"@type":"PropertyValueSpecification","valueRequired":true,"valueName":"search_term_string"}}],"inLanguage":"es"}]}},"post_mailing_queue_ids":[],"_links":{"self":[{"href":"https:\/\/keyfibre.com\/productos-fibra-optica\/wp-json\/wp\/v2\/product\/3863","targetHints":{"allow":["GET"]}}],"collection":[{"href":"https:\/\/keyfibre.com\/productos-fibra-optica\/wp-json\/wp\/v2\/product"}],"about":[{"href":"https:\/\/keyfibre.com\/productos-fibra-optica\/wp-json\/wp\/v2\/types\/product"}],"wp:featuredmedia":[{"embeddable":true,"href":"https:\/\/keyfibre.com\/productos-fibra-optica\/wp-json\/wp\/v2\/media\/12785"}],"wp:attachment":[{"href":"https:\/\/keyfibre.com\/productos-fibra-optica\/wp-json\/wp\/v2\/media?parent=3863"}],"wp:term":[{"taxonomy":"product_brand","embeddable":true,"href":"https:\/\/keyfibre.com\/productos-fibra-optica\/wp-json\/wp\/v2\/product_brand?post=3863"},{"taxonomy":"product_cat","embeddable":true,"href":"https:\/\/keyfibre.com\/productos-fibra-optica\/wp-json\/wp\/v2\/product_cat?post=3863"},{"taxonomy":"product_tag","embeddable":true,"href":"https:\/\/keyfibre.com\/productos-fibra-optica\/wp-json\/wp\/v2\/product_tag?post=3863"}],"curies":[{"name":"wp","href":"https:\/\/api.w.org\/{rel}","templated":true}]}}